{"id":46,"date":"2025-11-27T12:20:02","date_gmt":"2025-11-27T11:20:02","guid":{"rendered":"https:\/\/joscol.com.es\/wordpress\/?page_id=46"},"modified":"2025-12-04T12:28:30","modified_gmt":"2025-12-04T11:28:30","slug":"contacta-con-nosotros","status":"publish","type":"page","link":"https:\/\/joscol.com.es\/wordpress\/contacta-con-nosotros\/","title":{"rendered":"Contacta con nosotros"},"content":{"rendered":"\n<p>Tel\u00e9fono: 384930232<\/p>\n\n\n\n<p>Puedes rellenar el siguiente formulario para pedir informaci\u00f3n. Contactaremos contigo lo m\u00e1s r\u00e1pido posible.<\/p>\n\n\n\n<div class=\"wpcf7 no-js\" id=\"wpcf7-f91-o1\" lang=\"es-ES\" dir=\"ltr\" data-wpcf7-id=\"91\">\n<div class=\"screen-reader-response\"><p role=\"status\" aria-live=\"polite\" aria-atomic=\"true\"><\/p> <ul><\/ul><\/div>\n<form action=\"\/wordpress\/wp-json\/wp\/v2\/pages\/46#wpcf7-f91-o1\" method=\"post\" class=\"wpcf7-form init\" aria-label=\"Formulario de contacto\" novalidate=\"novalidate\" data-status=\"init\">\n<fieldset class=\"hidden-fields-container\"><input type=\"hidden\" name=\"_wpcf7\" value=\"91\" \/><input type=\"hidden\" name=\"_wpcf7_version\" value=\"6.1.4\" \/><input type=\"hidden\" name=\"_wpcf7_locale\" value=\"es_ES\" \/><input type=\"hidden\" name=\"_wpcf7_unit_tag\" value=\"wpcf7-f91-o1\" \/><input type=\"hidden\" name=\"_wpcf7_container_post\" value=\"0\" \/><input type=\"hidden\" name=\"_wpcf7_posted_data_hash\" value=\"\" \/><input type=\"hidden\" name=\"_wpcf7_recaptcha_response\" value=\"\" \/>\n<\/fieldset>\n<p>Nombre: <span class=\"wpcf7-form-control-wrap\" data-name=\"nombre\"><input size=\"40\" maxlength=\"400\" class=\"wpcf7-form-control wpcf7-text wpcf7-validates-as-required\" aria-required=\"true\" aria-invalid=\"false\" value=\"\" type=\"text\" name=\"nombre\" \/><\/span>\n<\/p>\n<p>Mail: <span class=\"wpcf7-form-control-wrap\" data-name=\"email\"><input size=\"40\" maxlength=\"400\" class=\"wpcf7-form-control wpcf7-email wpcf7-validates-as-required wpcf7-text wpcf7-validates-as-email\" autocomplete=\"email\" aria-required=\"true\" aria-invalid=\"false\" value=\"\" type=\"email\" name=\"email\" \/><\/span>\n<\/p>\n<p>Telefono: <span class=\"wpcf7-form-control-wrap\" data-name=\"telefono\"><input size=\"40\" maxlength=\"9\" minlength=\"9\" class=\"wpcf7-form-control wpcf7-tel wpcf7-text wpcf7-validates-as-tel\" aria-invalid=\"false\" value=\"\" type=\"tel\" name=\"telefono\" \/><\/span>\n<\/p>\n<p>\u00bfC\u00f3mo nos has conocido? <span class=\"wpcf7-form-control-wrap\" data-name=\"conocido\"><select class=\"wpcf7-form-control wpcf7-select\" aria-invalid=\"false\" name=\"conocido\"><option value=\"\">---<\/option><option value=\"Amigos\/Conocidos\">Amigos\/Conocidos<\/option><option value=\"Internet\">Internet<\/option><option value=\"Publicidad\">Publicidad<\/option><\/select><\/span>\n<\/p>\n<p>Curso Interesado: <span class=\"wpcf7-form-control-wrap\" data-name=\"curso\"><select class=\"wpcf7-form-control wpcf7-select\" aria-invalid=\"false\" name=\"curso\"><option value=\"---\">---<\/option><option value=\"GA\">GA<\/option><option value=\"SMR\">SMR<\/option><option value=\"FPB\">FPB<\/option><option value=\"DAW\">DAW<\/option><\/select><\/span>\n<\/p>\n<p>Mensaje: <span class=\"wpcf7-form-control-wrap\" data-name=\"mensaje\"><textarea cols=\"40\" rows=\"10\" maxlength=\"2000\" class=\"wpcf7-form-control wpcf7-textarea wpcf7-validates-as-required\" aria-required=\"true\" aria-invalid=\"false\" name=\"mensaje\"><\/textarea><\/span>\n<\/p>\n<span class=\"wpcf7-form-control-wrap recaptcha\" data-name=\"recaptcha\"><span data-sitekey=\"6LeEVSksAAAAAON2N2Tp_W9K9rJh5rnB3nqCi7ZG\" class=\"wpcf7-form-control wpcf7-recaptcha g-recaptcha\"><\/span>\r\n<noscript>\r\n\t<div class=\"grecaptcha-noscript\">\r\n\t\t<iframe loading=\"lazy\" src=\"https:\/\/www.google.com\/recaptcha\/api\/fallback?k=6LeEVSksAAAAAON2N2Tp_W9K9rJh5rnB3nqCi7ZG\" frameborder=\"0\" scrolling=\"no\" width=\"310\" height=\"430\">\r\n\t\t<\/iframe>\r\n\t\t<textarea name=\"g-recaptcha-response\" rows=\"3\" cols=\"40\" placeholder=\"Aqu\u00ed la respuesta de reCAPTCHA\">\r\n\t\t<\/textarea>\r\n\t<\/div>\r\n<\/noscript>\r\n<\/span>\n<p><span class=\"wpcf7-form-control-wrap\" data-name=\"politica\"><span class=\"wpcf7-form-control wpcf7-acceptance\"><span class=\"wpcf7-list-item\"><label><input type=\"checkbox\" name=\"politica\" value=\"1\" aria-invalid=\"false\" \/><span class=\"wpcf7-list-item-label\">Acepto la pol\u00edtica de privacidad de la WEB.<\/span><\/label><\/span><\/span><\/span>\n<\/p>\n<p><input class=\"wpcf7-form-control wpcf7-submit has-spinner\" type=\"submit\" value=\"Enviar\" \/>\n<\/p><div class=\"wpcf7-response-output\" aria-hidden=\"true\"><\/div>\n<\/form>\n<\/div>\n\n","protected":false},"excerpt":{"rendered":"<p>Tel\u00e9fono: 384930232 Puedes rellenar el siguiente formulario para pedir informaci\u00f3n. Contactaremos contigo lo m\u00e1s r\u00e1pido posible.<\/p>\n","protected":false},"author":1,"featured_media":0,"parent":0,"menu_order":0,"comment_status":"closed","ping_status":"closed","template":"","meta":{"footnotes":""},"class_list":["post-46","page","type-page","status-publish","hentry"],"_links":{"self":[{"href":"https:\/\/joscol.com.es\/wordpress\/wp-json\/wp\/v2\/pages\/46","targetHints":{"allow":["GET"]}}],"collection":[{"href":"https:\/\/joscol.com.es\/wordpress\/wp-json\/wp\/v2\/pages"}],"about":[{"href":"https:\/\/joscol.com.es\/wordpress\/wp-json\/wp\/v2\/types\/page"}],"author":[{"embeddable":true,"href":"https:\/\/joscol.com.es\/wordpress\/wp-json\/wp\/v2\/users\/1"}],"replies":[{"embeddable":true,"href":"https:\/\/joscol.com.es\/wordpress\/wp-json\/wp\/v2\/comments?post=46"}],"version-history":[{"count":3,"href":"https:\/\/joscol.com.es\/wordpress\/wp-json\/wp\/v2\/pages\/46\/revisions"}],"predecessor-version":[{"id":93,"href":"https:\/\/joscol.com.es\/wordpress\/wp-json\/wp\/v2\/pages\/46\/revisions\/93"}],"wp:attachment":[{"href":"https:\/\/joscol.com.es\/wordpress\/wp-json\/wp\/v2\/media?parent=46"}],"curies":[{"name":"wp","href":"https:\/\/api.w.org\/{rel}","templated":true}]}}