{"id":108,"date":"2025-12-05T11:29:27","date_gmt":"2025-12-05T10:29:27","guid":{"rendered":"https:\/\/joscol.com.es\/wordpress\/?post_type=product&#038;p=108"},"modified":"2025-12-11T11:45:06","modified_gmt":"2025-12-11T10:45:06","slug":"zapatillas-nike","status":"publish","type":"product","link":"https:\/\/joscol.com.es\/wordpress\/producto\/zapatillas-nike\/","title":{"rendered":"Zapatillas Nike"},"content":{"rendered":"<p>Las Nike Dunk Low son un b\u00e1sico esencial del zapatero. Este ic\u00f3nico modelo del baloncesto de mediados de los 80 regresa con una confecci\u00f3n superduradera y los colores originales. Con acolchado en los tobillos y una tracci\u00f3n de goma, son f\u00e1ciles de poner de golpe.<\/p>\n<p>Dise\u00f1adas para durar<\/p>\n<p>Piel sint\u00e9tica y aut\u00e9ntica para ofrecer durabilidad y un toque cl\u00e1sico.<\/p>\n<p>Look cl\u00e1sico<\/p>\n<p>Zona del tobillo y leng\u00fceta con perforaciones en la puntera para dar a estas zapatillas un look ic\u00f3nico basado en las Dunk originales.<\/p>\n<p>Tracci\u00f3n para todo el d\u00eda<\/p>\n<p>Suela exterior de goma completa para una tracci\u00f3n duradera y un patr\u00f3n de tracci\u00f3n similar al de las originales.<\/p>\n<p>Detalles del producto<\/p>\n<p>Cordones cl\u00e1sicos<br \/>\nDise\u00f1o tipo cupsole<\/p>\n<p>Nike Dunk<\/p>\n<p>La influencia de las Nike Dunk en el baloncesto y el skateboard es innegable. Aunque se presentaron como zapatillas de baloncesto en 1985, la suela plana y adherente resultaba perfecta para una comunidad deportiva desatendida: la skater. Al descubrir una subcultura que buscaba la creatividad tanto como la funcionalidad, las Dunk han aparecido en innumerables combinaciones de colores a lo largo de las d\u00e9cadas y siguen reflejando el alma skater.<\/p>\n<p>Composici\u00f3n y materiales<br \/>\nLeather<\/p>\n","protected":false},"excerpt":{"rendered":"<p>Las Nike Dunk Low son un b\u00e1sico esencial del zapatero. Este ic\u00f3nico modelo del baloncesto de mediados de los 80 regresa con una confecci\u00f3n superduradera y los colores originales. Con acolchado en los tobillos y una tracci\u00f3n de goma, son f\u00e1ciles de poner de golpe. Dise\u00f1adas para durar Piel sint\u00e9tica y aut\u00e9ntica para ofrecer durabilidad [&hellip;]<\/p>\n","protected":false},"featured_media":119,"comment_status":"closed","ping_status":"closed","template":"","meta":[],"product_brand":[51],"product_cat":[30,50,31],"product_tag":[],"class_list":{"0":"post-108","1":"product","2":"type-product","3":"status-publish","4":"has-post-thumbnail","6":"product_brand-nike","7":"product_cat-hombre","8":"product_cat-nike","9":"product_cat-zapatillas","11":"first","12":"instock","13":"shipping-taxable","14":"purchasable","15":"product-type-variable"},"_links":{"self":[{"href":"https:\/\/joscol.com.es\/wordpress\/wp-json\/wp\/v2\/product\/108","targetHints":{"allow":["GET"]}}],"collection":[{"href":"https:\/\/joscol.com.es\/wordpress\/wp-json\/wp\/v2\/product"}],"about":[{"href":"https:\/\/joscol.com.es\/wordpress\/wp-json\/wp\/v2\/types\/product"}],"replies":[{"embeddable":true,"href":"https:\/\/joscol.com.es\/wordpress\/wp-json\/wp\/v2\/comments?post=108"}],"wp:featuredmedia":[{"embeddable":true,"href":"https:\/\/joscol.com.es\/wordpress\/wp-json\/wp\/v2\/media\/119"}],"wp:attachment":[{"href":"https:\/\/joscol.com.es\/wordpress\/wp-json\/wp\/v2\/media?parent=108"}],"wp:term":[{"taxonomy":"product_brand","embeddable":true,"href":"https:\/\/joscol.com.es\/wordpress\/wp-json\/wp\/v2\/product_brand?post=108"},{"taxonomy":"product_cat","embeddable":true,"href":"https:\/\/joscol.com.es\/wordpress\/wp-json\/wp\/v2\/product_cat?post=108"},{"taxonomy":"product_tag","embeddable":true,"href":"https:\/\/joscol.com.es\/wordpress\/wp-json\/wp\/v2\/product_tag?post=108"}],"curies":[{"name":"wp","href":"https:\/\/api.w.org\/{rel}","templated":true}]}}